{"id":6,"date":"2024-01-19T12:35:02","date_gmt":"2024-01-19T12:35:02","guid":{"rendered":"https:\/\/belceburger.es\/?page_id=6"},"modified":"2026-02-13T12:54:03","modified_gmt":"2026-02-13T12:54:03","slug":"belceburger","status":"publish","type":"page","link":"https:\/\/belceburger.es\/","title":{"rendered":"BELCEBURGER"},"content":{"rendered":"\n\t<section class=\"section has-parallax\" id=\"section_1738811956\">\n\t\t<div class=\"bg section-bg fill bg-fill  \" data-parallax-container=\".section\" data-parallax-background data-parallax=\"-4\">\n\n\t\t\t\n\t\t\t\n\t\t\t\n\n\t\t<\/div>\n\n\t\t<div class=\"section-content relative\">\n\t\t\t\n\n\t<div id=\"gap-1658976984\" class=\"gap-element clearfix\" style=\"display:block; height:auto;\">\n\t\t\n<style scope=\"scope\">\n\n#gap-1658976984 {\n  padding-top: 180px;\n}\n<\/style>\n\t<\/div>\n\t\n\n<div class=\"row row-large\" style=\"max-width:1600px\" id=\"row-1611890619\">\n\n\n\t<div class=\"col medium-6 small-12 large-6\"  >\n\t\t<div class=\"col-inner text-left\"  >\n\t\t\t\n\t\t\t\n\n<div class=\"row\"  id=\"row-591858054\">\n\n\n\t<div class=\"col small-12 large-12\"  >\n\t\t<div class=\"col-inner\"  >\n\t\t\t\n\t\t\t\n\n\t<div class=\"img has-hover x md-x lg-x y md-y lg-y\" id=\"image_1960490735\">\n\t\t\t\t\t\t\t\t<div class=\"img-inner dark\" >\n\t\t\t<img loading=\"lazy\" decoding=\"async\" width=\"1020\" height=\"236\" src=\"https:\/\/belceburger.es\/wp-content\/uploads\/2024\/01\/burgers-1-e1705910023281-1024x237.png\" class=\"attachment-large size-large\" alt=\"\" srcset=\"https:\/\/belceburger.es\/wp-content\/uploads\/2024\/01\/burgers-1-e1705910023281-1024x237.png 1024w, https:\/\/belceburger.es\/wp-content\/uploads\/2024\/01\/burgers-1-e1705910023281-300x70.png 300w, https:\/\/belceburger.es\/wp-content\/uploads\/2024\/01\/burgers-1-e1705910023281-768x178.png 768w, https:\/\/belceburger.es\/wp-content\/uploads\/2024\/01\/burgers-1-e1705910023281.png 1466w\" sizes=\"auto, (max-width: 1020px) 100vw, 1020px\" \/>\t\t\t\t\t\t\n\t\t\t\t\t<\/div>\n\t\t\t\t\t\t\t\t\n<style scope=\"scope\">\n\n#image_1960490735 {\n  width: 70%;\n}\n<\/style>\n\t<\/div>\n\t\n\n<p><span style=\"font-size: 100%; color: #d1d1d1;\">Todos nuestros burgers est\u00e1n elaboradas con carne de vaca rubia gallega de m\u00e1xima calidad madurada entre 30 y 60 d\u00edas. Van dentro de un pan brioche.<\/span><\/p>\n<table style=\"font-size: 20px; height: 100px;\" width=\"462\">\n<tbody>\n<tr>\n<td><span style=\"font-size: 115%; color: #ffffff;\"><b>Belceb\u00fa<\/b><\/span><br \/><span class=\"OYPEnA text-decoration-none text-strikethrough-none\" style=\"font-size: 90%; color: #d1d1d1;\">200 grs de carnaza de rubia gallega madurada, queso idiazabal, bacon, cebolla caramelizada, piquillos a la le\u00f1a de Mendavia, huevo, salsa belceb\u00fa.<\/span><\/td>\n<td style=\"text-align: right;\" valign=\"top\"><span style=\"color: #c00000;\"><strong>13,50\u20ac<\/strong><\/span><\/td>\n<\/tr>\n<tr>\n<td><span style=\"font-size: 120%; color: #ffffff;\"><strong><span class=\"OYPEnA text-decoration-none text-strikethrough-none\">Hell Raiser<\/span><\/strong><\/span><br \/><span class=\"OYPEnA text-decoration-none text-strikethrough-none\" style=\"font-size: 90%; color: #ffffff;\"><span style=\"color: #d1d1d1;\">200 grs de carnaza de rubia gallega madurada, queso Havarti, lechuga Iceberg, tomate, cebolla morada de Zalla, salsa sat\u00e1nic<\/span>a.<\/span><\/td>\n<td style=\"text-align: right;\" valign=\"top\"><span style=\"color: #c00000;\"><strong>12,50\u20ac<\/strong><\/span><\/td>\n<\/tr>\n<tr>\n<td><span style=\"color: #ffffff;\"><b><span class=\"OYPEnA text-decoration-none text-strikethrough-none\" style=\"font-size: 120%;\">Pecado Carnal<\/span><br \/><\/b><span class=\"OYPEnA text-decoration-none text-strikethrough-none\" style=\"font-size: 90%; color: #d1d1d1;\">2&#215;200 grs de carnaza de rubia gallega madurada, lechuga iceberg, doble bacon, doble cheddar, salsa Akelarre.<\/span><\/span><\/td>\n<td style=\"text-align: right;\" valign=\"top\"><span style=\"color: #c00000;\"><strong>15,50\u20ac<\/strong><\/span><\/td>\n<\/tr>\n<tr>\n<td><span style=\"font-size: 120%; color: #ffffff;\"><strong><span class=\"OYPEnA text-decoration-none text-strikethrough-none\">Diabla<\/span><\/strong><\/span><br \/><span class=\"OYPEnA text-decoration-none text-strikethrough-none\" style=\"font-size: 90%; color: #ffffff;\"><span style=\"color: #d1d1d1;\">200 grs de carnaza de rubia gallega madurada, jam\u00f3n ib\u00e9rico, lechuga Iceberg, tomate, queso Idiazabal, cebolla caramelizada, salsa Be<\/span>lceb\u00fa<\/span><\/td>\n<td style=\"text-align: right;\" valign=\"top\"><span style=\"color: #c00000;\"><strong>15,00\u20ac<\/strong><\/span><\/td>\n<\/tr>\n<tr>\n<td><span style=\"color: #ffffff;\"><b><span class=\"OYPEnA text-decoration-none text-strikethrough-none\" style=\"font-size: 120%;\">Mefist\u00f3feles<\/span><br \/><\/b><span class=\"OYPEnA text-decoration-none text-strikethrough-none\" style=\"font-size: 90%; color: #d1d1d1;\">200 grs de carnaza de rubia gallega madurada, guacamole, cebolla crujiente, queso cheddar, pepinillos agridulces, mermelada de piquillo de Mendavia<\/span><\/span><\/td>\n<td style=\"text-align: right;\" valign=\"top\"><span style=\"color: #c00000;\"><strong> 12,50\u20ac<\/strong><\/span><\/td>\n<\/tr>\n<tr>\n<td><span style=\"color: #ffffff;\"><strong><span class=\"OYPEnA text-decoration-none text-strikethrough-none\"><span style=\"font-size: 120%;\">Averno<\/span><br \/><\/span><\/strong><span class=\"OYPEnA text-decoration-none text-strikethrough-none\" style=\"font-size: 90%;\"><span style=\"color: #d1d1d1;\">200 grs de carnaza de rubia gallega madurada, queso havarti, huevo, piquillos de Mendavia a la le\u00f1a, cebolla caramelizada, patata<\/span>s paja.<\/span><\/span><strong><span class=\"OYPEnA text-decoration-none text-strikethrough-none\"><br \/><\/span><\/strong><\/td>\n<td style=\"text-align: right;\" valign=\"top\"><span style=\"color: #c00000;\"><strong> 12,50\u20ac<\/strong><\/span><\/td>\n<\/tr>\n<tr>\n<td><span style=\"font-size: 120%; color: #ffffff;\"><strong><span class=\"OYPEnA text-decoration-none text-strikethrough-none\">Purgatorio<\/span><\/strong><\/span><br \/><span class=\"OYPEnA text-decoration-none text-strikethrough-none\" style=\"font-size: 90%; color: #d1d1d1;\">Pulled pork, lechuga, cebolla morada de Zalla, huevo, queso cheddar, bacon.<\/span><\/td>\n<td style=\"text-align: right;\" valign=\"top\"><span style=\"color: #c00000;\"><strong> 13,50\u20ac<\/strong><\/span><\/td>\n<\/tr>\n<tr>\n<td><span style=\"font-size: 120%; color: #ffffff;\"><strong><span class=\"OYPEnA text-decoration-none text-strikethrough-none\">Veg Zeb\u00fa<\/span><\/strong><\/span><br \/><span class=\"OYPEnA text-decoration-none text-strikethrough-none\" style=\"font-size: 90%; color: #d1d1d1;\">Burger vegana, setas, lechuga, piquillos a la le\u00f1a de Mendavia, cebolla morada de Zalla encurtida, salsa sat\u00e1nica.<\/span><\/td>\n<td style=\"text-align: right;\" valign=\"top\"><span style=\"color: #c00000;\"><strong>12,50\u20ac<\/strong><\/span><\/td>\n<\/tr>\n<tr>\n<td><span style=\"color: #ffffff;\"><strong><span class=\"OYPEnA text-decoration-none text-strikethrough-none\">Sat\u00e1nica<\/span><\/strong><\/span><br \/><span style=\"color: #d1d1d1;\"><span class=\"OYPEnA text-decoration-none text-strikethrough-none\">200 grs de carnaza de rubia gallega madurada, doble queso Idiazabal,<\/span> <span class=\"OYPEnA text-decoration-none text-strikethrough-none\">cecina de wagy\u016b, extra de cheddar l\u00edquido.<\/span><\/span><\/td>\n<td style=\"text-align: right;\" valign=\"top\"><span style=\"color: #c00000;\"><strong>15,50\u20ac<\/strong><\/span><\/td>\n<\/tr>\n<\/tbody>\n<\/table>\n\n\t\t<\/div>\n\t<\/div>\n\n\t\n\n<\/div>\n\t<div class=\"img has-hover x md-x lg-x y md-y lg-y\" id=\"image_1640110557\">\n\t\t\t\t\t\t\t\t<div class=\"img-inner dark\" >\n\t\t\t<img loading=\"lazy\" decoding=\"async\" width=\"1020\" height=\"227\" src=\"https:\/\/belceburger.es\/wp-content\/uploads\/2024\/01\/dark-sides-e1705911416107-1024x228.png\" class=\"attachment-large size-large\" alt=\"\" srcset=\"https:\/\/belceburger.es\/wp-content\/uploads\/2024\/01\/dark-sides-e1705911416107-1024x228.png 1024w, https:\/\/belceburger.es\/wp-content\/uploads\/2024\/01\/dark-sides-e1705911416107-300x67.png 300w, https:\/\/belceburger.es\/wp-content\/uploads\/2024\/01\/dark-sides-e1705911416107-768x171.png 768w, https:\/\/belceburger.es\/wp-content\/uploads\/2024\/01\/dark-sides-e1705911416107.png 1506w\" sizes=\"auto, (max-width: 1020px) 100vw, 1020px\" \/>\t\t\t\t\t\t\n\t\t\t\t\t<\/div>\n\t\t\t\t\t\t\t\t\n<style scope=\"scope\">\n\n#image_1640110557 {\n  width: 70%;\n}\n<\/style>\n\t<\/div>\n\t\n\n<div class=\"row\"  id=\"row-983560033\">\n\n\n\t<div class=\"col small-12 large-12\"  >\n\t\t<div class=\"col-inner\"  >\n\t\t\t\n\t\t\t\n\n<table style=\"font-size: 20px; height: 100px;\" width=\"462\">\n<tbody>\n<tr>\n<td><span style=\"color: #ffffff;\"><strong><span class=\"OYPEnA text-decoration-none text-strikethrough-none\" style=\"font-size: 115%;\">I\u00f1akis del infierno<\/span><\/strong><\/span><br \/><span class=\"OYPEnA text-decoration-none text-strikethrough-none\" style=\"color: #d1d1d1; font-size: 90%;\">Natxos con queso al horno con guacamole, pico de gallo, jalape\u00f1os, y pulled pork.<\/span><\/td>\n<td style=\"text-align: right;\" valign=\"top\"><span style=\"color: #c00000;\"><strong>12,50\u20ac<\/strong><\/span><\/td>\n<\/tr>\n<tr>\n<td><span style=\"font-size: 120%; color: #ffffff;\"><strong><span class=\"OYPEnA text-decoration-none text-strikethrough-none\">Alitas de angel caido<\/span><\/strong><\/span><br \/><span class=\"OYPEnA text-decoration-none text-strikethrough-none\" style=\"font-size: 90%; color: #d1d1d1;\"><span class=\"OYPEnA text-decoration-none text-strikethrough-none\">Alitas de pollo marinadas con salsa barbacoa.<\/span>a.<\/span><\/td>\n<td style=\"text-align: right;\" valign=\"top\"><span style=\"color: #c00000;\"><strong>8,50\u20ac<\/strong><\/span><\/td>\n<\/tr>\n<tr>\n<td><span style=\"color: #ffffff;\"><span style=\"font-size: 120%;\"><strong><span class=\"OYPEnA text-decoration-none text-strikethrough-none\">Patatas 666<\/span><\/strong><\/span><b><br \/><\/b><span class=\"OYPEnA text-decoration-none text-strikethrough-none\" style=\"color: #d1d1d1;\">Patatas fritas caseras con 6 salsas.<\/span><br \/><\/span><\/td>\n<td style=\"text-align: right;\" valign=\"top\"><span style=\"color: #c00000;\"><strong>7,50\u20ac<\/strong><\/span><\/td>\n<\/tr>\n<tr>\n<td><span style=\"font-size: 115%; color: #ffffff;\"><strong><span class=\"OYPEnA text-decoration-none text-strikethrough-none\">Las croquetas de la bestia<\/span><\/strong><\/span><br \/><span class=\"OYPEnA text-decoration-none text-strikethrough-none\" style=\"font-size: 90%; color: #ffffff;\"><span class=\"OYPEnA text-decoration-none text-strikethrough-none\" style=\"font-size: 90%; color: #ffffff;\"><span style=\"color: #d1d1d1;\">6 croquetas caseras de jam\u00f3n ib\u00e9rico.<\/span><\/span><\/span><\/td>\n<td style=\"text-align: right;\" valign=\"top\"><span style=\"color: #c00000;\"><strong>10,00\u20ac<\/strong><\/span><\/td>\n<\/tr>\n<tr>\n<td><span style=\"color: #ffffff;\"><b><span class=\"OYPEnA text-decoration-none text-strikethrough-none\" style=\"font-size: 120%;\">Limbo Nuggets<\/span><br \/><\/b><span class=\"OYPEnA text-decoration-none text-strikethrough-none\" style=\"font-size: 90%; color: #d1d1d1;\">Nuggets caseros de pollo y salsa Belceb\u00fa.<\/span><\/span><\/td>\n<td style=\"text-align: right;\" valign=\"top\"><span style=\"color: #c00000;\"><strong> 8,00\u20ac<\/strong><\/span><\/td>\n<\/tr>\n<tr>\n<td><span style=\"color: #ffffff;\"><strong><span class=\"OYPEnA text-decoration-none text-strikethrough-none\"><span style=\"font-size: 120%;\">Los anillos de Dante<\/span><br \/><\/span><\/strong><span class=\"OYPEnA text-decoration-none text-strikethrough-none\" style=\"font-size: 90%;\"><span style=\"color: #d1d1d1;\">Aros de cebolla crujientes, con un toque picante.<\/span><strong><span class=\"OYPEnA text-decoration-none text-strikethrough-none\"><br \/><\/span><\/strong><\/span><\/span><\/td>\n<td style=\"text-align: right;\" valign=\"top\"><span style=\"color: #c00000;\"><strong> 7,50\u20ac<\/strong><\/span><\/td>\n<\/tr>\n<\/tbody>\n<\/table>\n\n\t\t<\/div>\n\t<\/div>\n\n\t\n\n<\/div>\n\n\t\t<\/div>\n\t<\/div>\n\n\t\n\n\t<div class=\"col medium-6 small-12 large-6\"  >\n\t\t<div class=\"col-inner text-left\"  >\n\t\t\t\n\t\t\t\n\n\t<div class=\"img has-hover x md-x lg-x y md-y lg-y\" id=\"image_1813307875\">\n\t\t\t\t\t\t\t\t<div class=\"img-inner dark\" >\n\t\t\t<img loading=\"lazy\" decoding=\"async\" width=\"1020\" height=\"231\" src=\"https:\/\/belceburger.es\/wp-content\/uploads\/2024\/01\/ensaladas-e1705912860685-1024x232.png\" class=\"attachment-large size-large\" alt=\"\" srcset=\"https:\/\/belceburger.es\/wp-content\/uploads\/2024\/01\/ensaladas-e1705912860685-1024x232.png 1024w, https:\/\/belceburger.es\/wp-content\/uploads\/2024\/01\/ensaladas-e1705912860685-300x68.png 300w, https:\/\/belceburger.es\/wp-content\/uploads\/2024\/01\/ensaladas-e1705912860685-768x174.png 768w, https:\/\/belceburger.es\/wp-content\/uploads\/2024\/01\/ensaladas-e1705912860685.png 1500w\" sizes=\"auto, (max-width: 1020px) 100vw, 1020px\" \/>\t\t\t\t\t\t\n\t\t\t\t\t<\/div>\n\t\t\t\t\t\t\t\t\n<style scope=\"scope\">\n\n#image_1813307875 {\n  width: 70%;\n}\n<\/style>\n\t<\/div>\n\t\n\n<div class=\"row\"  id=\"row-193007611\">\n\n\n\t<div class=\"col small-12 large-12\"  >\n\t\t<div class=\"col-inner\"  >\n\t\t\t\n\t\t\t\n\n<table style=\"font-size: 20px; height: 100px;\" width=\"462\">\n<tbody>\n<tr>\n<td><span style=\"color: #ffffff;\"><strong><span class=\"OYPEnA text-decoration-none text-strikethrough-none\" style=\"font-size: 115%;\">Lucif\u00e9rica<\/span><\/strong><\/span><br \/><span class=\"OYPEnA text-decoration-none text-strikethrough-none\" style=\"color: #d1d1d1; font-size: 90%;\">Lechuga, bac\u00f3n crujiente, dados de Idiazabal, tomate deshidratado, semillas de calabaza, ali\u00f1o de miel y mostaza.<\/span><\/td>\n<td style=\"text-align: right;\" valign=\"top\"><span style=\"color: #c00000;\"><strong>8,50\u20ac<\/strong><\/span><\/td>\n<\/tr>\n<tr>\n<td><span style=\"font-size: 120%; color: #ffffff;\"><strong><span class=\"OYPEnA text-decoration-none text-strikethrough-none\">Sat\u00e1nica<\/span><\/strong><\/span><br \/><span class=\"OYPEnA text-decoration-none text-strikethrough-none\" style=\"font-size: 90%; color: #d1d1d1;\"><span class=\"OYPEnA text-decoration-none text-strikethrough-none\">Piquillos asados a la le\u00f1a, piparras, anchoas, bonito del norte, cebolla morada de Zalla.<\/span><\/span><\/td>\n<td style=\"text-align: right;\" valign=\"top\"><span style=\"color: #c00000;\"><strong>10,50\u20ac<\/strong><\/span><\/td>\n<\/tr>\n<tr>\n<td><span style=\"color: #ffffff;\"><span style=\"font-size: 120%;\"><strong><span class=\"OYPEnA text-decoration-none text-strikethrough-none\">Tinieblas<\/span><\/strong><\/span><b><br \/><\/b><span class=\"OYPEnA text-decoration-none text-strikethrough-none\" style=\"color: #d1d1d1;\">Pollo, cherrys, mezclum, aguacate, cebolla crujiente, salsa c\u00e9sar.<\/span><br \/><\/span><\/td>\n<td style=\"text-align: right;\" valign=\"top\"><span style=\"color: #c00000;\"><strong>8,50\u20ac<\/strong><\/span><\/td>\n<\/tr>\n<\/tbody>\n<\/table>\n\n\t\t<\/div>\n\t<\/div>\n\n\t\n\n<\/div>\n\t<div class=\"img has-hover x md-x lg-x y md-y lg-y\" id=\"image_402266836\">\n\t\t\t\t\t\t\t\t<div class=\"img-inner dark\" >\n\t\t\t<img loading=\"lazy\" decoding=\"async\" width=\"1020\" height=\"172\" src=\"https:\/\/belceburger.es\/wp-content\/uploads\/2024\/01\/perros-del-infierno-e1705913416625-1024x173.png\" class=\"attachment-large size-large\" alt=\"\" srcset=\"https:\/\/belceburger.es\/wp-content\/uploads\/2024\/01\/perros-del-infierno-e1705913416625-1024x173.png 1024w, https:\/\/belceburger.es\/wp-content\/uploads\/2024\/01\/perros-del-infierno-e1705913416625-300x51.png 300w, https:\/\/belceburger.es\/wp-content\/uploads\/2024\/01\/perros-del-infierno-e1705913416625-768x130.png 768w, https:\/\/belceburger.es\/wp-content\/uploads\/2024\/01\/perros-del-infierno-e1705913416625-1536x260.png 1536w, https:\/\/belceburger.es\/wp-content\/uploads\/2024\/01\/perros-del-infierno-e1705913416625.png 1950w\" sizes=\"auto, (max-width: 1020px) 100vw, 1020px\" \/>\t\t\t\t\t\t\n\t\t\t\t\t<\/div>\n\t\t\t\t\t\t\t\t\n<style scope=\"scope\">\n\n#image_402266836 {\n  width: 80%;\n}\n<\/style>\n\t<\/div>\n\t\n\n<div class=\"row\"  id=\"row-934922533\">\n\n\n\t<div class=\"col small-12 large-12\"  >\n\t\t<div class=\"col-inner\"  >\n\t\t\t\n\t\t\t\n\n<table style=\"font-size: 20px; height: 100px;\" width=\"462\">\n<tbody>\n<tr>\n<td><span style=\"color: #ffffff;\"><strong><span class=\"OYPEnA text-decoration-none text-strikethrough-none\" style=\"font-size: 115%;\">Fausto<\/span><\/strong><\/span><br \/><span class=\"OYPEnA text-decoration-none text-strikethrough-none\" style=\"color: #d1d1d1; font-size: 90%;\">Salchicha Frankfurt, queso fundido, bac\u00f3n, cebolla crujiente, salsa belceb\u00fa, bollo<\/span><\/td>\n<td style=\"text-align: right;\" valign=\"top\"><span style=\"color: #c00000;\"><strong>9,00\u20ac<\/strong><\/span><\/td>\n<\/tr>\n<tr>\n<td><span style=\"font-size: 120%; color: #ffffff;\"><strong><span class=\"OYPEnA text-decoration-none text-strikethrough-none\">Aszael<\/span><\/strong><\/span><br \/><span class=\"OYPEnA text-decoration-none text-strikethrough-none\" style=\"font-size: 90%; color: #d1d1d1;\"><span class=\"OYPEnA text-decoration-none text-strikethrough-none\">Salchicha Bratwurst, piquillo de Mendavia asado a la le\u00f1a, guacamole, dados de bacon crunchy, mostaza, bollo y ketpchup<\/span><\/span><\/td>\n<td style=\"text-align: right;\" valign=\"top\"><span style=\"color: #c00000;\"><strong>9,00\u20ac<\/strong><\/span><\/td>\n<\/tr>\n<\/tbody>\n<\/table>\n\n\t\t<\/div>\n\t<\/div>\n\n\t\n\n<\/div>\n\t<div class=\"img has-hover x md-x lg-x y md-y lg-y\" id=\"image_2125578106\">\n\t\t\t\t\t\t\t\t<div class=\"img-inner dark\" >\n\t\t\t<img loading=\"lazy\" decoding=\"async\" width=\"1020\" height=\"200\" src=\"https:\/\/belceburger.es\/wp-content\/uploads\/2024\/01\/dulce-condena-e1705913639968-1024x201.png\" class=\"attachment-large size-large\" alt=\"\" srcset=\"https:\/\/belceburger.es\/wp-content\/uploads\/2024\/01\/dulce-condena-e1705913639968-1024x201.png 1024w, https:\/\/belceburger.es\/wp-content\/uploads\/2024\/01\/dulce-condena-e1705913639968-300x59.png 300w, https:\/\/belceburger.es\/wp-content\/uploads\/2024\/01\/dulce-condena-e1705913639968-768x151.png 768w, https:\/\/belceburger.es\/wp-content\/uploads\/2024\/01\/dulce-condena-e1705913639968-1536x301.png 1536w, https:\/\/belceburger.es\/wp-content\/uploads\/2024\/01\/dulce-condena-e1705913639968.png 1713w\" sizes=\"auto, (max-width: 1020px) 100vw, 1020px\" \/>\t\t\t\t\t\t\n\t\t\t\t\t<\/div>\n\t\t\t\t\t\t\t\t\n<style scope=\"scope\">\n\n#image_2125578106 {\n  width: 70%;\n}\n<\/style>\n\t<\/div>\n\t\n\n<div class=\"row\"  id=\"row-1122095846\">\n\n\n\t<div class=\"col small-12 large-12\"  >\n\t\t<div class=\"col-inner\"  >\n\t\t\t\n\t\t\t\n\n<table style=\"font-size: 20px; height: 100px;\" width=\"462\">\n<tbody>\n<tr>\n<td><span style=\"color: #ffffff;\"><strong><span class=\"OYPEnA text-decoration-none text-strikethrough-none\" style=\"font-size: 115%;\">Alma de queso<\/span><\/strong><\/span><br \/><span class=\"OYPEnA text-decoration-none text-strikethrough-none\" style=\"color: #d1d1d1; font-size: 90%;\">Tarta de queso al horno.<\/span><\/td>\n<td style=\"text-align: right;\" valign=\"top\"><span style=\"color: #c00000;\"><strong>7,00\u20ac<\/strong><\/span><\/td>\n<\/tr>\n<tr>\n<td><span style=\"font-size: 120%; color: #ffffff;\"><strong><span class=\"OYPEnA text-decoration-none text-strikethrough-none\">Infierno congelado<\/span><\/strong><\/span><br \/><span class=\"OYPEnA text-decoration-none text-strikethrough-none\" style=\"font-size: 90%; color: #d1d1d1;\"><span class=\"OYPEnA text-decoration-none text-strikethrough-none\">Surtido de helados artesanos Gelati Gelati.<\/span><\/span><\/td>\n<td style=\"text-align: right;\" valign=\"top\"><span style=\"color: #c00000;\"><strong>7,00\u20ac<\/strong><\/span><\/td>\n<\/tr>\n<tr>\n<td><span style=\"color: #ffffff;\"><span style=\"font-size: 120%;\"><strong><span class=\"OYPEnA text-decoration-none text-strikethrough-none\">Black Hell<\/span><\/strong><\/span><b><br \/><\/b><span class=\"OYPEnA text-decoration-none text-strikethrough-none\" style=\"color: #d1d1d1;\">Brownie casero de chocolate negro.<\/span><br \/><\/span><\/td>\n<td style=\"text-align: right;\" valign=\"top\"><span style=\"color: #c00000;\"><strong>6,50\u20ac<\/strong><\/span><\/td>\n<\/tr>\n<\/tbody>\n<\/table>\n\n\t\t<\/div>\n\t<\/div>\n\n\t\n\n<\/div>\n\n\t\t<\/div>\n\t<\/div>\n\n\t\n\n\n<style scope=\"scope\">\n\n<\/style>\n<\/div>\n\t<div id=\"gap-1862788415\" class=\"gap-element clearfix\" style=\"display:block; height:auto;\">\n\t\t\n<style scope=\"scope\">\n\n#gap-1862788415 {\n  padding-top: 150px;\n}\n<\/style>\n\t<\/div>\n\t\n\n\n\t\t<\/div>\n\n\t\t\n<style scope=\"scope\">\n\n#section_1738811956 {\n  padding-top: 30px;\n  padding-bottom: 30px;\n}\n#section_1738811956 .section-bg.bg-loaded {\n  background-image: url(https:\/\/belceburger.es\/wp-content\/uploads\/2024\/01\/Sin-titulo-1-1-e1705913794717.jpg);\n}\n#section_1738811956 .section-bg {\n  background-position: 53% 42%;\n}\n<\/style>\n\t<\/section>\n\t\n\n\n","protected":false},"excerpt":{"rendered":"","protected":false},"author":1,"featured_media":0,"parent":0,"menu_order":0,"comment_status":"closed","ping_status":"closed","template":"page-blank.php","meta":{"footnotes":""},"class_list":["post-6","page","type-page","status-publish","hentry"],"_links":{"self":[{"href":"https:\/\/belceburger.es\/index.php?rest_route=\/wp\/v2\/pages\/6","targetHints":{"allow":["GET"]}}],"collection":[{"href":"https:\/\/belceburger.es\/index.php?rest_route=\/wp\/v2\/pages"}],"about":[{"href":"https:\/\/belceburger.es\/index.php?rest_route=\/wp\/v2\/types\/page"}],"author":[{"embeddable":true,"href":"https:\/\/belceburger.es\/index.php?rest_route=\/wp\/v2\/users\/1"}],"replies":[{"embeddable":true,"href":"https:\/\/belceburger.es\/index.php?rest_route=%2Fwp%2Fv2%2Fcomments&post=6"}],"version-history":[{"count":31,"href":"https:\/\/belceburger.es\/index.php?rest_route=\/wp\/v2\/pages\/6\/revisions"}],"predecessor-version":[{"id":73,"href":"https:\/\/belceburger.es\/index.php?rest_route=\/wp\/v2\/pages\/6\/revisions\/73"}],"wp:attachment":[{"href":"https:\/\/belceburger.es\/index.php?rest_route=%2Fwp%2Fv2%2Fmedia&parent=6"}],"curies":[{"name":"wp","href":"https:\/\/api.w.org\/{rel}","templated":true}]}}